{"id":22,"date":"2008-05-29T17:45:47","date_gmt":"2008-05-29T16:45:47","guid":{"rendered":"http:\/\/www.schwuppdiwupp.net\/heilandart\/?page_id=22"},"modified":"2010-09-13T13:34:51","modified_gmt":"2010-09-13T12:34:51","slug":"impressum","status":"publish","type":"page","link":"https:\/\/schwuppdiwupp.net\/heilandart\/impressum\/","title":{"rendered":"Impressum"},"content":{"rendered":"<p>Verantwortlich f\u00fcr den Inhalt:<\/p>\n<p>Heilandart<\/p>\n<p><a title=\"Heilandart Kontaktformular\" href=\"https:\/\/www.schwuppdiwupp.net\/heilandart\/?page_id=4\">f\u00fcr Kontakt bitte das Formular nutzen<\/a><\/p>\n<p><strong>Haftungshinweis:<\/strong><br \/>\n Die Inhalte externer Links werden von uns nicht gepr\u00fcft. Sie unterliegen der Haftung der jeweiligen Anbieter. F\u00fcr die Richtigkeit, Vollst\u00e4ndigkeit und Aktualit\u00e4t der bereit gestellten Informationen \u00fcbernimmt der Anbieter keine Haftung, obwohl er sich bem\u00fcht, Links, die gegen seinen Willen und gegen sein Wissen zu Websites f\u00fchren, die strafbare Inhalte haben, so schnell wie m\u00f6glich zu l\u00f6schen.<\/p>\n<p><strong>Datenschutzhinweise: <\/strong><br \/>\n Alle auf dieser Website genannten Personen widersprechen hiermit jeder <strong>kommerziellen<\/strong> Verwendung und Weitergabe ihrer Daten (vgl. \u00a7 28 Bundesdatenschutzgesetz). Urheberrechtshinweise: Alle auf dieser Website ver\u00f6ffentlichten Beitr\u00e4ge und Abbildungen sind urheberrechtlich gesch\u00fctzt. Jede vom Urheberrechtsgesetz nicht zugelassene Nutzung bedarf vorheriger schriftlicher Zustimmung des Anbieters. Dies gilt insbesondere f\u00fcr Vervielf\u00e4ltigung, Bearbeitung, \u00dcbersetzung, Einspeicherung, Verarbeitung bzw. Wiedergabe von Inhalten und Bildern in Datenbanken oder anderen elektronischen Medien und Systemen.<\/p>\n","protected":false},"excerpt":{"rendered":"<p>Verantwortlich f\u00fcr den Inhalt: Heilandart f\u00fcr Kontakt bitte das Formular nutzen Haftungshinweis: Die Inhalte externer Links werden von uns nicht gepr\u00fcft. Sie unterliegen der Haftung der jeweiligen Anbieter. F\u00fcr die Richtigkeit, Vollst\u00e4ndigkeit und Aktualit\u00e4t der bereit gestellten Informationen \u00fcbernimmt der Anbieter keine Haftung, obwohl er sich bem\u00fcht, Links, die gegen seinen Willen und gegen sein [&hellip;]<\/p>\n","protected":false},"author":17,"featured_media":0,"parent":0,"menu_order":0,"comment_status":"closed","ping_status":"closed","template":"","meta":{"_acf_changed":false,"ngg_post_thumbnail":0,"footnotes":""},"class_list":["post-22","page","type-page","status-publish","hentry"],"acf":[],"_links":{"self":[{"href":"https:\/\/schwuppdiwupp.net\/heilandart\/wp-json\/wp\/v2\/pages\/22","targetHints":{"allow":["GET"]}}],"collection":[{"href":"https:\/\/schwuppdiwupp.net\/heilandart\/wp-json\/wp\/v2\/pages"}],"about":[{"href":"https:\/\/schwuppdiwupp.net\/heilandart\/wp-json\/wp\/v2\/types\/page"}],"author":[{"embeddable":true,"href":"https:\/\/schwuppdiwupp.net\/heilandart\/wp-json\/wp\/v2\/users\/17"}],"replies":[{"embeddable":true,"href":"https:\/\/schwuppdiwupp.net\/heilandart\/wp-json\/wp\/v2\/comments?post=22"}],"version-history":[{"count":0,"href":"https:\/\/schwuppdiwupp.net\/heilandart\/wp-json\/wp\/v2\/pages\/22\/revisions"}],"wp:attachment":[{"href":"https:\/\/schwuppdiwupp.net\/heilandart\/wp-json\/wp\/v2\/media?parent=22"}],"curies":[{"name":"wp","href":"https:\/\/api.w.org\/{rel}","templated":true}]}}